{"id":919,"date":"2023-08-17T00:49:30","date_gmt":"2023-08-16T21:49:30","guid":{"rendered":"https:\/\/masaldanismanlik.com\/?page_id=919"},"modified":"2023-08-17T01:10:01","modified_gmt":"2023-08-16T22:10:01","slug":"emdr","status":"publish","type":"page","link":"https:\/\/masaldanismanlik.com\/index.php\/emdr\/","title":{"rendered":"EMDR"},"content":{"rendered":"\t\t<div data-elementor-type=\"wp-post\" data-elementor-id=\"919\" class=\"elementor elementor-919\">\n\t\t\t\t\t\t\t\t\t<section class=\"elementor-section elementor-top-section elementor-element elementor-element-9e9a9ca elementor-section-boxed elementor-section-height-default elementor-section-height-default\" data-id=\"9e9a9ca\" data-element_type=\"section\">\n\t\t\t\t\t\t<div class=\"elementor-container elementor-column-gap-default\">\n\t\t\t\t\t<div class=\"elementor-column elementor-col-50 elementor-top-column elementor-element elementor-element-1e55b3f\" data-id=\"1e55b3f\" data-element_type=\"column\">\n\t\t\t<div class=\"elementor-widget-wrap elementor-element-populated\">\n\t\t\t\t\t\t\t\t<div class=\"elementor-element elementor-element-e425e9e elementor-widget elementor-widget-image\" data-id=\"e425e9e\" data-element_type=\"widget\" data-widget_type=\"image.default\">\n\t\t\t\t<div class=\"elementor-widget-container\">\n\t\t\t<style>\/*! elementor - v3.15.0 - 09-08-2023 *\/\n.elementor-widget-image{text-align:center}.elementor-widget-image a{display:inline-block}.elementor-widget-image a img[src$=\".svg\"]{width:48px}.elementor-widget-image img{vertical-align:middle;display:inline-block}<\/style>\t\t\t\t\t\t\t\t\t\t\t\t<img loading=\"lazy\" decoding=\"async\" width=\"960\" height=\"640\" src=\"https:\/\/masaldanismanlik.com\/wp-content\/uploads\/2023\/08\/Eye.jpg\" class=\"attachment-full size-full wp-image-850\" alt=\"\" srcset=\"https:\/\/masaldanismanlik.com\/wp-content\/uploads\/2023\/08\/Eye.jpg 960w, https:\/\/masaldanismanlik.com\/wp-content\/uploads\/2023\/08\/Eye-300x200.jpg 300w, https:\/\/masaldanismanlik.com\/wp-content\/uploads\/2023\/08\/Eye-768x512.jpg 768w\" sizes=\"auto, (max-width: 960px) 100vw, 960px\" \/>\t\t\t\t\t\t\t\t\t\t\t\t\t\t\t<\/div>\n\t\t\t\t<\/div>\n\t\t\t\t\t<\/div>\n\t\t<\/div>\n\t\t\t\t<div class=\"elementor-column elementor-col-50 elementor-top-column elementor-element elementor-element-77980f6 animated-slow elementor-invisible\" data-id=\"77980f6\" data-element_type=\"column\" data-settings=\"{&quot;animation&quot;:&quot;fadeInLeft&quot;}\">\n\t\t\t<div class=\"elementor-widget-wrap elementor-element-populated\">\n\t\t\t\t\t\t\t\t<div class=\"elementor-element elementor-element-63ac6d5 elementor-widget__width-initial elementor-widget-divider--view-line elementor-widget elementor-widget-divider\" data-id=\"63ac6d5\" data-element_type=\"widget\" data-widget_type=\"divider.default\">\n\t\t\t\t<div class=\"elementor-widget-container\">\n\t\t\t<style>\/*! elementor - v3.15.0 - 09-08-2023 *\/\n.elementor-widget-divider{--divider-border-style:none;--divider-border-width:1px;--divider-color:#0c0d0e;--divider-icon-size:20px;--divider-element-spacing:10px;--divider-pattern-height:24px;--divider-pattern-size:20px;--divider-pattern-url:none;--divider-pattern-repeat:repeat-x}.elementor-widget-divider .elementor-divider{display:flex}.elementor-widget-divider .elementor-divider__text{font-size:15px;line-height:1;max-width:95%}.elementor-widget-divider .elementor-divider__element{margin:0 var(--divider-element-spacing);flex-shrink:0}.elementor-widget-divider .elementor-icon{font-size:var(--divider-icon-size)}.elementor-widget-divider .elementor-divider-separator{display:flex;margin:0;direction:ltr}.elementor-widget-divider--view-line_icon .elementor-divider-separator,.elementor-widget-divider--view-line_text .elementor-divider-separator{align-items:center}.elementor-widget-divider--view-line_icon .elementor-divider-separator:after,.elementor-widget-divider--view-line_icon .elementor-divider-separator:before,.elementor-widget-divider--view-line_text .elementor-divider-separator:after,.elementor-widget-divider--view-line_text .elementor-divider-separator:before{display:block;content:\"\";border-bottom:0;flex-grow:1;border-top:var(--divider-border-width) var(--divider-border-style) var(--divider-color)}.elementor-widget-divider--element-align-left .elementor-divider .elementor-divider-separator>.elementor-divider__svg:first-of-type{flex-grow:0;flex-shrink:100}.elementor-widget-divider--element-align-left .elementor-divider-separator:before{content:none}.elementor-widget-divider--element-align-left .elementor-divider__element{margin-left:0}.elementor-widget-divider--element-align-right .elementor-divider .elementor-divider-separator>.elementor-divider__svg:last-of-type{flex-grow:0;flex-shrink:100}.elementor-widget-divider--element-align-right .elementor-divider-separator:after{content:none}.elementor-widget-divider--element-align-right .elementor-divider__element{margin-right:0}.elementor-widget-divider:not(.elementor-widget-divider--view-line_text):not(.elementor-widget-divider--view-line_icon) .elementor-divider-separator{border-top:var(--divider-border-width) var(--divider-border-style) var(--divider-color)}.elementor-widget-divider--separator-type-pattern{--divider-border-style:none}.elementor-widget-divider--separator-type-pattern.elementor-widget-divider--view-line .elementor-divider-separator,.elementor-widget-divider--separator-type-pattern:not(.elementor-widget-divider--view-line) .elementor-divider-separator:after,.elementor-widget-divider--separator-type-pattern:not(.elementor-widget-divider--view-line) .elementor-divider-separator:before,.elementor-widget-divider--separator-type-pattern:not([class*=elementor-widget-divider--view]) .elementor-divider-separator{width:100%;min-height:var(--divider-pattern-height);-webkit-mask-size:var(--divider-pattern-size) 100%;mask-size:var(--divider-pattern-size) 100%;-webkit-mask-repeat:var(--divider-pattern-repeat);mask-repeat:var(--divider-pattern-repeat);background-color:var(--divider-color);-webkit-mask-image:var(--divider-pattern-url);mask-image:var(--divider-pattern-url)}.elementor-widget-divider--no-spacing{--divider-pattern-size:auto}.elementor-widget-divider--bg-round{--divider-pattern-repeat:round}.rtl .elementor-widget-divider .elementor-divider__text{direction:rtl}.e-con-inner>.elementor-widget-divider,.e-con>.elementor-widget-divider{width:var(--container-widget-width,100%);--flex-grow:var(--container-widget-flex-grow)}<\/style>\t\t<div class=\"elementor-divider\">\n\t\t\t<span class=\"elementor-divider-separator\">\n\t\t\t\t\t\t<\/span>\n\t\t<\/div>\n\t\t\t\t<\/div>\n\t\t\t\t<\/div>\n\t\t\t\t<div class=\"elementor-element elementor-element-78a6bad elementor-widget__width-auto elementor-widget elementor-widget-heading\" data-id=\"78a6bad\" data-element_type=\"widget\" data-settings=\"{&quot;_animation&quot;:&quot;none&quot;,&quot;_animation_delay&quot;:300}\" data-widget_type=\"heading.default\">\n\t\t\t\t<div class=\"elementor-widget-container\">\n\t\t\t<style>\/*! elementor - v3.15.0 - 09-08-2023 *\/\n.elementor-heading-title{padding:0;margin:0;line-height:1}.elementor-widget-heading .elementor-heading-title[class*=elementor-size-]>a{color:inherit;font-size:inherit;line-height:inherit}.elementor-widget-heading .elementor-heading-title.elementor-size-small{font-size:15px}.elementor-widget-heading .elementor-heading-title.elementor-size-medium{font-size:19px}.elementor-widget-heading .elementor-heading-title.elementor-size-large{font-size:29px}.elementor-widget-heading .elementor-heading-title.elementor-size-xl{font-size:39px}.elementor-widget-heading .elementor-heading-title.elementor-size-xxl{font-size:59px}<\/style><h3 class=\"elementor-heading-title elementor-size-default\">masal dan\u0131\u015fmanl\u0131k<\/h3>\t\t<\/div>\n\t\t\t\t<\/div>\n\t\t\t\t<div class=\"elementor-element elementor-element-5a2c428 elementor-widget elementor-widget-heading\" data-id=\"5a2c428\" data-element_type=\"widget\" data-widget_type=\"heading.default\">\n\t\t\t\t<div class=\"elementor-widget-container\">\n\t\t\t<h2 class=\"elementor-heading-title elementor-size-default\">emdr <\/h2>\t\t<\/div>\n\t\t\t\t<\/div>\n\t\t\t\t<div class=\"elementor-element elementor-element-a0a3290 elementor-widget elementor-widget-text-editor\" data-id=\"a0a3290\" data-element_type=\"widget\" data-widget_type=\"text-editor.default\">\n\t\t\t\t<div class=\"elementor-widget-container\">\n\t\t\t<style>\/*! elementor - v3.15.0 - 09-08-2023 *\/\n.elementor-widget-text-editor.elementor-drop-cap-view-stacked .elementor-drop-cap{background-color:#69727d;color:#fff}.elementor-widget-text-editor.elementor-drop-cap-view-framed .elementor-drop-cap{color:#69727d;border:3px solid;background-color:transparent}.elementor-widget-text-editor:not(.elementor-drop-cap-view-default) .elementor-drop-cap{margin-top:8px}.elementor-widget-text-editor:not(.elementor-drop-cap-view-default) .elementor-drop-cap-letter{width:1em;height:1em}.elementor-widget-text-editor .elementor-drop-cap{float:left;text-align:center;line-height:1;font-size:50px}.elementor-widget-text-editor .elementor-drop-cap-letter{display:inline-block}<\/style>\t\t\t\t<p>G\u00f6z Hareketleriyle Duyars\u0131zla\u015ft\u0131rma ve Yeniden \u0130\u015fleme (EMDR), travmatik deneyimlerin tedavisinde kullan\u0131lan etkili bir terapi y\u00f6ntemidir. Dr. Francine Shapiro taraf\u0131ndan 1980&#8217;lerin sonlar\u0131nda geli\u015ftirilen bu terapi, \u00f6zellikle travma sonras\u0131 stres bozuklu\u011fu (TSSB) gibi durumlar\u0131n tedavisinde etkili oldu\u011fu g\u00f6zlemlenmi\u015ftir.<\/p>\t\t\t\t\t\t<\/div>\n\t\t\t\t<\/div>\n\t\t\t\t\t<\/div>\n\t\t<\/div>\n\t\t\t\t\t\t\t<\/div>\n\t\t<\/section>\n\t\t\t\t<section class=\"elementor-section elementor-top-section elementor-element elementor-element-5bbc835 elementor-section-content-middle elementor-section-boxed elementor-section-height-default elementor-section-height-default\" data-id=\"5bbc835\" data-element_type=\"section\" data-settings=\"{&quot;background_background&quot;:&quot;classic&quot;,&quot;shape_divider_top&quot;:&quot;tilt&quot;}\">\n\t\t\t\t\t\t\t<div class=\"elementor-background-overlay\"><\/div>\n\t\t\t\t\t\t<div class=\"elementor-shape elementor-shape-top\" data-negative=\"false\">\n\t\t\t<svg xmlns=\"http:\/\/www.w3.org\/2000\/svg\" viewBox=\"0 0 1000 100\" preserveAspectRatio=\"none\">\n\t<path class=\"elementor-shape-fill\" d=\"M0,6V0h1000v100L0,6z\"\/>\n<\/svg>\t\t<\/div>\n\t\t\t\t\t<div class=\"elementor-container elementor-column-gap-default\">\n\t\t\t\t\t<div class=\"elementor-column elementor-col-100 elementor-top-column elementor-element elementor-element-c1533f8\" data-id=\"c1533f8\" data-element_type=\"column\">\n\t\t\t<div class=\"elementor-widget-wrap elementor-element-populated\">\n\t\t\t\t\t\t\t\t<div class=\"elementor-element elementor-element-21311de elementor-widget elementor-widget-text-editor\" data-id=\"21311de\" data-element_type=\"widget\" data-widget_type=\"text-editor.default\">\n\t\t\t\t<div class=\"elementor-widget-container\">\n\t\t\t\t\t\t\t<p><strong>EMDR Terapisi Nas\u0131l \u00c7al\u0131\u015f\u0131r?<\/strong><\/p><p>EMDR terapisi, travmatik deneyimlerin neden oldu\u011fu duygusal ac\u0131y\u0131 hafifletmeye yard\u0131mc\u0131 olmak i\u00e7in g\u00f6z hareketlerini kullan\u0131r. Terapi s\u00fcreci genellikle a\u015fa\u011f\u0131daki ad\u0131mlar\u0131 i\u00e7erir:<\/p><p><strong>Hedef Belirleme:<\/strong> Terapist ve hasta, tedavi edilecek \u00f6zel bir hedef belirler. Bu hedef, travmatik bir an\u0131, korku ya da stresle ili\u015fkili olabilir.<\/p><p><strong>Haz\u0131rl\u0131k A\u015famas\u0131:<\/strong> Hasta, EMDR terapisinin nas\u0131l \u00e7al\u0131\u015ft\u0131\u011f\u0131 hakk\u0131nda bilgilendirilir. Terapist ile bir g\u00fcven ili\u015fkisi kurulur ve terapi s\u00fcreci boyunca kullan\u0131lacak g\u00f6rsel veya duyusal destekler belirlenir.<\/p><p><strong>Duyars\u0131zla\u015ft\u0131rma Faz\u0131:<\/strong> Bu a\u015famada, hasta travmatik an\u0131lar\u0131 d\u00fc\u015f\u00fcn\u00fcrken terapistin el veya parmak hareketlerini takip eder. G\u00f6z hareketlerinin, beyindeki bilgi i\u015fleme s\u00fcre\u00e7lerini de\u011fi\u015ftirdi\u011fi ve travmatik an\u0131lar\u0131n daha az yo\u011fun duygusal tepkilerle ili\u015fkilendirilmesine yard\u0131mc\u0131 oldu\u011fu d\u00fc\u015f\u00fcn\u00fcl\u00fcr.<\/p><p><strong>Yeniden \u0130\u015fleme A\u015famas\u0131:<\/strong> Bu a\u015famada, travmatik an\u0131n\u0131n getirdi\u011fi duygusal y\u00fck azalmaya ba\u015flar. Hasta, an\u0131y\u0131 daha farkl\u0131 bir perspektiften g\u00f6rmeye ve onunla ili\u015fkilendirdi\u011fi olumsuz inan\u00e7lar\u0131 sorgulamaya ba\u015flar.<\/p><p><strong>Kapan\u0131\u015f A\u015famas\u0131:<\/strong> EMDR seanslar\u0131 boyunca ortaya \u00e7\u0131kan duygusal tepkiler ele al\u0131n\u0131r. Hasta, terapi s\u00fcrecinin sonunda daha iyi bir durumda olmal\u0131d\u0131r.<\/p><p><strong>Hangi Durumlarda Kullan\u0131l\u0131r?<\/strong><\/p><p>EMDR terapisi genellikle travmatik deneyimlerin yol a\u00e7t\u0131\u011f\u0131 psikolojik sorunlar\u0131n tedavisinde kullan\u0131l\u0131r. Bunlar aras\u0131nda:<\/p><p>Travma sonras\u0131 stres bozuklu\u011fu (TSSB)<br \/>Cinsel istismar veya fiziksel istismar sonras\u0131 etkiler<br \/>Kazalar veya felaketlerin yol a\u00e7t\u0131\u011f\u0131 travmalar<br \/>Sava\u015f veya askeri deneyimlere ba\u011fl\u0131 travmalar<br \/>Kay\u0131p veya ayr\u0131l\u0131k sonras\u0131 yas<\/p><p><br \/><strong>Sonu\u00e7<\/strong><\/p><p>EMDR terapisi, travmatik deneyimlerin yol a\u00e7t\u0131\u011f\u0131 duygusal s\u0131k\u0131nt\u0131lar\u0131 hafifletmeye yard\u0131mc\u0131 olan etkili bir terapi y\u00f6ntemidir. G\u00f6z hareketleriyle duyars\u0131zla\u015ft\u0131rma ve yeniden i\u015fleme s\u00fcre\u00e7leri, ki\u015finin travmatik an\u0131lar\u0131n\u0131 daha sa\u011fl\u0131kl\u0131 bir \u015fekilde i\u015flemesine ve an\u0131larla ili\u015fkilendirdi\u011fi olumsuz inan\u00e7lar\u0131 de\u011fi\u015ftirmesine yard\u0131mc\u0131 olabilir. Terapi s\u00fcreci, profesyonel bir terapist e\u015fli\u011finde ger\u00e7ekle\u015ftirilmelidir.<\/p>\t\t\t\t\t\t<\/div>\n\t\t\t\t<\/div>\n\t\t\t\t\t<\/div>\n\t\t<\/div>\n\t\t\t\t\t\t\t<\/div>\n\t\t<\/section>\n\t\t\t\t\t\t\t<\/div>\n\t\t","protected":false},"excerpt":{"rendered":"<p>masal dan\u0131\u015fmanl\u0131k emdr G\u00f6z Hareketleriyle Duyars\u0131zla\u015ft\u0131rma ve Yeniden \u0130\u015fleme (EMDR), travmatik deneyimlerin tedavisinde kullan\u0131lan etkili bir terapi y\u00f6ntemidir. Dr. Francine Shapiro taraf\u0131ndan 1980&#8217;lerin sonlar\u0131nda geli\u015ftirilen bu terapi, \u00f6zellikle travma sonras\u0131 stres bozuklu\u011fu (TSSB) gibi durumlar\u0131n tedavisinde etkili oldu\u011fu g\u00f6zlemlenmi\u015ftir. EMDR Terapisi Nas\u0131l \u00c7al\u0131\u015f\u0131r? EMDR terapisi,&hellip;<\/p>\n","protected":false},"author":1,"featured_media":0,"parent":0,"menu_order":0,"comment_status":"closed","ping_status":"closed","template":"template-parts\/template-page-builders.php","meta":{"footnotes":""},"class_list":["post-919","page","type-page","status-publish","hentry"],"_links":{"self":[{"href":"https:\/\/masaldanismanlik.com\/index.php\/wp-json\/wp\/v2\/pages\/919","targetHints":{"allow":["GET"]}}],"collection":[{"href":"https:\/\/masaldanismanlik.com\/index.php\/wp-json\/wp\/v2\/pages"}],"about":[{"href":"https:\/\/masaldanismanlik.com\/index.php\/wp-json\/wp\/v2\/types\/page"}],"author":[{"embeddable":true,"href":"https:\/\/masaldanismanlik.com\/index.php\/wp-json\/wp\/v2\/users\/1"}],"replies":[{"embeddable":true,"href":"https:\/\/masaldanismanlik.com\/index.php\/wp-json\/wp\/v2\/comments?post=919"}],"version-history":[{"count":5,"href":"https:\/\/masaldanismanlik.com\/index.php\/wp-json\/wp\/v2\/pages\/919\/revisions"}],"predecessor-version":[{"id":985,"href":"https:\/\/masaldanismanlik.com\/index.php\/wp-json\/wp\/v2\/pages\/919\/revisions\/985"}],"wp:attachment":[{"href":"https:\/\/masaldanismanlik.com\/index.php\/wp-json\/wp\/v2\/media?parent=919"}],"curies":[{"name":"wp","href":"https:\/\/api.w.org\/{rel}","templated":true}]}}