{"id":53,"date":"2019-04-18T11:16:34","date_gmt":"2019-04-18T11:16:34","guid":{"rendered":"https:\/\/envothemes.com\/envo-ecommerce\/?page_id=53"},"modified":"2023-09-20T20:21:10","modified_gmt":"2023-09-20T17:21:10","slug":"about-us","status":"publish","type":"page","link":"https:\/\/masaldanismanlik.com\/index.php\/about-us\/","title":{"rendered":"Psikolojik Dan\u0131\u015fmanl\u0131k"},"content":{"rendered":"\t\t<div data-elementor-type=\"wp-post\" data-elementor-id=\"53\" class=\"elementor elementor-53\">\n\t\t\t\t\t\t\t\t\t<section class=\"elementor-section elementor-top-section elementor-element elementor-element-9e9a9ca elementor-section-boxed elementor-section-height-default elementor-section-height-default\" data-id=\"9e9a9ca\" data-element_type=\"section\">\n\t\t\t\t\t\t<div class=\"elementor-container elementor-column-gap-default\">\n\t\t\t\t\t<div class=\"elementor-column elementor-col-50 elementor-top-column elementor-element elementor-element-1e55b3f\" data-id=\"1e55b3f\" data-element_type=\"column\">\n\t\t\t<div class=\"elementor-widget-wrap elementor-element-populated\">\n\t\t\t\t\t\t\t\t<div class=\"elementor-element elementor-element-e425e9e elementor-widget elementor-widget-image\" data-id=\"e425e9e\" data-element_type=\"widget\" data-widget_type=\"image.default\">\n\t\t\t\t<div class=\"elementor-widget-container\">\n\t\t\t<style>\/*! elementor - v3.15.0 - 09-08-2023 *\/\n.elementor-widget-image{text-align:center}.elementor-widget-image a{display:inline-block}.elementor-widget-image a img[src$=\".svg\"]{width:48px}.elementor-widget-image img{vertical-align:middle;display:inline-block}<\/style>\t\t\t\t\t\t\t\t\t\t\t\t<img loading=\"lazy\" decoding=\"async\" width=\"960\" height=\"640\" src=\"https:\/\/masaldanismanlik.com\/wp-content\/uploads\/2023\/09\/Masal-Danismanlik.jpg\" class=\"attachment-full size-full wp-image-1205\" alt=\"\" srcset=\"https:\/\/masaldanismanlik.com\/wp-content\/uploads\/2023\/09\/Masal-Danismanlik.jpg 960w, https:\/\/masaldanismanlik.com\/wp-content\/uploads\/2023\/09\/Masal-Danismanlik-300x200.jpg 300w, https:\/\/masaldanismanlik.com\/wp-content\/uploads\/2023\/09\/Masal-Danismanlik-768x512.jpg 768w\" sizes=\"auto, (max-width: 960px) 100vw, 960px\" \/>\t\t\t\t\t\t\t\t\t\t\t\t\t\t\t<\/div>\n\t\t\t\t<\/div>\n\t\t\t\t\t<\/div>\n\t\t<\/div>\n\t\t\t\t<div class=\"elementor-column elementor-col-50 elementor-top-column elementor-element elementor-element-77980f6 animated-slow elementor-invisible\" data-id=\"77980f6\" data-element_type=\"column\" data-settings=\"{&quot;animation&quot;:&quot;fadeInLeft&quot;}\">\n\t\t\t<div class=\"elementor-widget-wrap elementor-element-populated\">\n\t\t\t\t\t\t\t\t<div class=\"elementor-element elementor-element-63ac6d5 elementor-widget__width-initial elementor-widget-divider--view-line elementor-widget elementor-widget-divider\" data-id=\"63ac6d5\" data-element_type=\"widget\" data-widget_type=\"divider.default\">\n\t\t\t\t<div class=\"elementor-widget-container\">\n\t\t\t<style>\/*! elementor - v3.15.0 - 09-08-2023 *\/\n.elementor-widget-divider{--divider-border-style:none;--divider-border-width:1px;--divider-color:#0c0d0e;--divider-icon-size:20px;--divider-element-spacing:10px;--divider-pattern-height:24px;--divider-pattern-size:20px;--divider-pattern-url:none;--divider-pattern-repeat:repeat-x}.elementor-widget-divider .elementor-divider{display:flex}.elementor-widget-divider .elementor-divider__text{font-size:15px;line-height:1;max-width:95%}.elementor-widget-divider .elementor-divider__element{margin:0 var(--divider-element-spacing);flex-shrink:0}.elementor-widget-divider .elementor-icon{font-size:var(--divider-icon-size)}.elementor-widget-divider .elementor-divider-separator{display:flex;margin:0;direction:ltr}.elementor-widget-divider--view-line_icon .elementor-divider-separator,.elementor-widget-divider--view-line_text .elementor-divider-separator{align-items:center}.elementor-widget-divider--view-line_icon .elementor-divider-separator:after,.elementor-widget-divider--view-line_icon .elementor-divider-separator:before,.elementor-widget-divider--view-line_text .elementor-divider-separator:after,.elementor-widget-divider--view-line_text .elementor-divider-separator:before{display:block;content:\"\";border-bottom:0;flex-grow:1;border-top:var(--divider-border-width) var(--divider-border-style) var(--divider-color)}.elementor-widget-divider--element-align-left .elementor-divider .elementor-divider-separator>.elementor-divider__svg:first-of-type{flex-grow:0;flex-shrink:100}.elementor-widget-divider--element-align-left .elementor-divider-separator:before{content:none}.elementor-widget-divider--element-align-left .elementor-divider__element{margin-left:0}.elementor-widget-divider--element-align-right .elementor-divider .elementor-divider-separator>.elementor-divider__svg:last-of-type{flex-grow:0;flex-shrink:100}.elementor-widget-divider--element-align-right .elementor-divider-separator:after{content:none}.elementor-widget-divider--element-align-right .elementor-divider__element{margin-right:0}.elementor-widget-divider:not(.elementor-widget-divider--view-line_text):not(.elementor-widget-divider--view-line_icon) .elementor-divider-separator{border-top:var(--divider-border-width) var(--divider-border-style) var(--divider-color)}.elementor-widget-divider--separator-type-pattern{--divider-border-style:none}.elementor-widget-divider--separator-type-pattern.elementor-widget-divider--view-line .elementor-divider-separator,.elementor-widget-divider--separator-type-pattern:not(.elementor-widget-divider--view-line) .elementor-divider-separator:after,.elementor-widget-divider--separator-type-pattern:not(.elementor-widget-divider--view-line) .elementor-divider-separator:before,.elementor-widget-divider--separator-type-pattern:not([class*=elementor-widget-divider--view]) .elementor-divider-separator{width:100%;min-height:var(--divider-pattern-height);-webkit-mask-size:var(--divider-pattern-size) 100%;mask-size:var(--divider-pattern-size) 100%;-webkit-mask-repeat:var(--divider-pattern-repeat);mask-repeat:var(--divider-pattern-repeat);background-color:var(--divider-color);-webkit-mask-image:var(--divider-pattern-url);mask-image:var(--divider-pattern-url)}.elementor-widget-divider--no-spacing{--divider-pattern-size:auto}.elementor-widget-divider--bg-round{--divider-pattern-repeat:round}.rtl .elementor-widget-divider .elementor-divider__text{direction:rtl}.e-con-inner>.elementor-widget-divider,.e-con>.elementor-widget-divider{width:var(--container-widget-width,100%);--flex-grow:var(--container-widget-flex-grow)}<\/style>\t\t<div class=\"elementor-divider\">\n\t\t\t<span class=\"elementor-divider-separator\">\n\t\t\t\t\t\t<\/span>\n\t\t<\/div>\n\t\t\t\t<\/div>\n\t\t\t\t<\/div>\n\t\t\t\t<div class=\"elementor-element elementor-element-78a6bad elementor-widget__width-auto elementor-widget elementor-widget-heading\" data-id=\"78a6bad\" data-element_type=\"widget\" data-settings=\"{&quot;_animation&quot;:&quot;none&quot;,&quot;_animation_delay&quot;:300}\" data-widget_type=\"heading.default\">\n\t\t\t\t<div class=\"elementor-widget-container\">\n\t\t\t<style>\/*! elementor - v3.15.0 - 09-08-2023 *\/\n.elementor-heading-title{padding:0;margin:0;line-height:1}.elementor-widget-heading .elementor-heading-title[class*=elementor-size-]>a{color:inherit;font-size:inherit;line-height:inherit}.elementor-widget-heading .elementor-heading-title.elementor-size-small{font-size:15px}.elementor-widget-heading .elementor-heading-title.elementor-size-medium{font-size:19px}.elementor-widget-heading .elementor-heading-title.elementor-size-large{font-size:29px}.elementor-widget-heading .elementor-heading-title.elementor-size-xl{font-size:39px}.elementor-widget-heading .elementor-heading-title.elementor-size-xxl{font-size:59px}<\/style><h3 class=\"elementor-heading-title elementor-size-default\">masal dan\u0131\u015fmanl\u0131k<\/h3>\t\t<\/div>\n\t\t\t\t<\/div>\n\t\t\t\t<div class=\"elementor-element elementor-element-5a2c428 elementor-widget__width-initial elementor-widget elementor-widget-heading\" data-id=\"5a2c428\" data-element_type=\"widget\" data-widget_type=\"heading.default\">\n\t\t\t\t<div class=\"elementor-widget-container\">\n\t\t\t<h2 class=\"elementor-heading-title elementor-size-default\">Neuro-Linguistic Programming (NLP)<\/h2>\t\t<\/div>\n\t\t\t\t<\/div>\n\t\t\t\t<div class=\"elementor-element elementor-element-a0a3290 elementor-widget__width-initial elementor-widget elementor-widget-text-editor\" data-id=\"a0a3290\" data-element_type=\"widget\" data-widget_type=\"text-editor.default\">\n\t\t\t\t<div class=\"elementor-widget-container\">\n\t\t\t<style>\/*! elementor - v3.15.0 - 09-08-2023 *\/\n.elementor-widget-text-editor.elementor-drop-cap-view-stacked .elementor-drop-cap{background-color:#69727d;color:#fff}.elementor-widget-text-editor.elementor-drop-cap-view-framed .elementor-drop-cap{color:#69727d;border:3px solid;background-color:transparent}.elementor-widget-text-editor:not(.elementor-drop-cap-view-default) .elementor-drop-cap{margin-top:8px}.elementor-widget-text-editor:not(.elementor-drop-cap-view-default) .elementor-drop-cap-letter{width:1em;height:1em}.elementor-widget-text-editor .elementor-drop-cap{float:left;text-align:center;line-height:1;font-size:50px}.elementor-widget-text-editor .elementor-drop-cap-letter{display:inline-block}<\/style>\t\t\t\t<h4>Neuro-Linguistic Programming (NLP): \u0130nsan Davran\u0131\u015flar\u0131n\u0131 Anlamak ve Geli\u015ftirmek<\/h4><p>N\u00f6ro-Linguistik Programlama (NLP), insan davran\u0131\u015flar\u0131n\u0131 anlamak, ileti\u015fim becerilerini geli\u015ftirmek, ki\u015fisel geli\u015fimi te\u015fvik etmek ve hedeflere ula\u015fmay\u0131 kolayla\u015ft\u0131rmak i\u00e7in kullan\u0131lan bir psikolojik yakla\u015f\u0131md\u0131r. Bu y\u00f6ntem, 1970&#8217;lerin ortalar\u0131nda Richard Bandler ve John Grinder taraf\u0131ndan geli\u015ftirilmi\u015f ve geni\u015f bir uygulama alan\u0131 bulmu\u015ftur.<\/p>\t\t\t\t\t\t<\/div>\n\t\t\t\t<\/div>\n\t\t\t\t\t<\/div>\n\t\t<\/div>\n\t\t\t\t\t\t\t<\/div>\n\t\t<\/section>\n\t\t\t\t<section class=\"elementor-section elementor-top-section elementor-element elementor-element-5bbc835 elementor-section-content-middle elementor-section-boxed elementor-section-height-default elementor-section-height-default\" data-id=\"5bbc835\" data-element_type=\"section\" data-settings=\"{&quot;background_background&quot;:&quot;classic&quot;,&quot;shape_divider_top&quot;:&quot;tilt&quot;}\">\n\t\t\t\t\t\t\t<div class=\"elementor-background-overlay\"><\/div>\n\t\t\t\t\t\t<div class=\"elementor-shape elementor-shape-top\" data-negative=\"false\">\n\t\t\t<svg xmlns=\"http:\/\/www.w3.org\/2000\/svg\" viewBox=\"0 0 1000 100\" preserveAspectRatio=\"none\">\n\t<path class=\"elementor-shape-fill\" d=\"M0,6V0h1000v100L0,6z\"\/>\n<\/svg>\t\t<\/div>\n\t\t\t\t\t<div class=\"elementor-container elementor-column-gap-default\">\n\t\t\t\t\t<div class=\"elementor-column elementor-col-100 elementor-top-column elementor-element elementor-element-c1533f8\" data-id=\"c1533f8\" data-element_type=\"column\">\n\t\t\t<div class=\"elementor-widget-wrap elementor-element-populated\">\n\t\t\t\t\t\t\t\t<div class=\"elementor-element elementor-element-99375b4 elementor-widget elementor-widget-text-editor\" data-id=\"99375b4\" data-element_type=\"widget\" data-widget_type=\"text-editor.default\">\n\t\t\t\t<div class=\"elementor-widget-container\">\n\t\t\t\t\t\t\t<h3>NLP&#8217;nin Temel \u0130lkeleri<\/h3><p>NLP, insan davran\u0131\u015flar\u0131n\u0131n ve d\u00fc\u015f\u00fcncelerinin temelini olu\u015fturan \u00fc\u00e7 temel ilkeye dayan\u0131r:<\/p><ol><li><p><strong>N\u00f6ro (N):<\/strong> Bu ilk ilke, beynin ve sinir sistemimizin bilin\u00e7li ve bilin\u00e7d\u0131\u015f\u0131 s\u00fcre\u00e7lerle nas\u0131l \u00e7al\u0131\u015ft\u0131\u011f\u0131n\u0131 anlamay\u0131 i\u00e7erir. NLP, insanlar\u0131n d\u00fc\u015f\u00fcnce, hissetme ve davranma bi\u00e7imlerini n\u00f6rolojik s\u00fcre\u00e7lere dayand\u0131r\u0131r.<\/p><\/li><li><p><strong>Linguistik (L):<\/strong> Bu ilke, dilin insan d\u00fc\u015f\u00fcncesi ve ileti\u015fimi \u00fczerindeki etkisini vurgular. NLP, insanlar\u0131n kulland\u0131\u011f\u0131 dil yap\u0131lar\u0131n\u0131 ve ifadelerini analiz ederek, bu dil kullan\u0131m\u0131n\u0131n davran\u0131\u015flar\u0131 nas\u0131l etkiledi\u011fini inceler.<\/p><\/li><li><p><strong>Programlama (P):<\/strong> Programlama, insan davran\u0131\u015flar\u0131n\u0131n ve d\u00fc\u015f\u00fcncelerinin programlanabilir oldu\u011fu fikrini \u00f6ne s\u00fcrer. NLP, istenmeyen davran\u0131\u015flar\u0131 de\u011fi\u015ftirmek veya olumlu sonu\u00e7lar\u0131 te\u015fvik etmek i\u00e7in bu programlar\u0131 yeniden d\u00fczenlemeye odaklan\u0131r.<\/p><\/li><\/ol><h3>NLP&#8217;nin Uygulama Alanlar\u0131<\/h3><p>NLP, geni\u015f bir uygulama yelpazesi sunar. \u0130\u015fte NLP&#8217;nin baz\u0131 temel uygulama alanlar\u0131:<\/p><ol><li><p><strong>\u0130leti\u015fim Becerileri:<\/strong> NLP, etkili ileti\u015fim becerileri geli\u015ftirmek i\u00e7in kullan\u0131l\u0131r. \u0130nsanlar aras\u0131 ili\u015fkilerde, i\u015f d\u00fcnyas\u0131nda ve ki\u015fisel ya\u015famda daha etkili ileti\u015fim kurmay\u0131 ama\u00e7lar.<\/p><\/li><li><p><strong>Ki\u015fisel Geli\u015fim:<\/strong> NLP, bireylerin kendilerini daha iyi anlamalar\u0131na ve ki\u015fisel potansiyellerini daha iyi kullanmalar\u0131na yard\u0131mc\u0131 olur. \u00d6zsayg\u0131, \u00f6zg\u00fcven ve motivasyon gibi alanlarda ki\u015fisel geli\u015fimi te\u015fvik eder.<\/p><\/li><li><p><strong>Terapi ve Psikoterapi:<\/strong> NLP, terapistler taraf\u0131ndan psikoterapi s\u00fcre\u00e7lerinde kullan\u0131l\u0131r. Anksiyete, travma sonras\u0131 stres bozuklu\u011fu (PTSD), ba\u011f\u0131ml\u0131l\u0131k ve di\u011fer psikolojik sorunlar\u0131n tedavisinde yard\u0131mc\u0131 olabilir.<\/p><\/li><li><p><strong>E\u011fitim:<\/strong> E\u011fitimciler, NLP&#8217;yi s\u0131n\u0131f i\u00e7i \u00f6\u011frenme s\u00fcre\u00e7lerini daha etkili hale getirmek i\u00e7in kullanabilirler. \u00d6\u011frenciler aras\u0131ndaki ileti\u015fimi geli\u015ftirir ve \u00f6\u011frenme engellerini a\u015fmalar\u0131na yard\u0131mc\u0131 olabilir.<\/p><\/li><\/ol>\t\t\t\t\t\t<\/div>\n\t\t\t\t<\/div>\n\t\t\t\t\t<\/div>\n\t\t<\/div>\n\t\t\t\t\t\t\t<\/div>\n\t\t<\/section>\n\t\t\t\t\t\t\t<\/div>\n\t\t","protected":false},"excerpt":{"rendered":"<p>masal dan\u0131\u015fmanl\u0131k Neuro-Linguistic Programming (NLP) Neuro-Linguistic Programming (NLP): \u0130nsan Davran\u0131\u015flar\u0131n\u0131 Anlamak ve Geli\u015ftirmek N\u00f6ro-Linguistik Programlama (NLP), insan davran\u0131\u015flar\u0131n\u0131 anlamak, ileti\u015fim becerilerini geli\u015ftirmek, ki\u015fisel geli\u015fimi te\u015fvik etmek ve hedeflere ula\u015fmay\u0131 kolayla\u015ft\u0131rmak i\u00e7in kullan\u0131lan bir psikolojik yakla\u015f\u0131md\u0131r. Bu y\u00f6ntem, 1970&#8217;lerin ortalar\u0131nda Richard Bandler ve John Grinder taraf\u0131ndan&hellip;<\/p>\n","protected":false},"author":1,"featured_media":0,"parent":0,"menu_order":0,"comment_status":"closed","ping_status":"closed","template":"template-parts\/template-page-builders.php","meta":{"footnotes":""},"class_list":["post-53","page","type-page","status-publish","hentry"],"_links":{"self":[{"href":"https:\/\/masaldanismanlik.com\/index.php\/wp-json\/wp\/v2\/pages\/53","targetHints":{"allow":["GET"]}}],"collection":[{"href":"https:\/\/masaldanismanlik.com\/index.php\/wp-json\/wp\/v2\/pages"}],"about":[{"href":"https:\/\/masaldanismanlik.com\/index.php\/wp-json\/wp\/v2\/types\/page"}],"author":[{"embeddable":true,"href":"https:\/\/masaldanismanlik.com\/index.php\/wp-json\/wp\/v2\/users\/1"}],"replies":[{"embeddable":true,"href":"https:\/\/masaldanismanlik.com\/index.php\/wp-json\/wp\/v2\/comments?post=53"}],"version-history":[{"count":16,"href":"https:\/\/masaldanismanlik.com\/index.php\/wp-json\/wp\/v2\/pages\/53\/revisions"}],"predecessor-version":[{"id":1218,"href":"https:\/\/masaldanismanlik.com\/index.php\/wp-json\/wp\/v2\/pages\/53\/revisions\/1218"}],"wp:attachment":[{"href":"https:\/\/masaldanismanlik.com\/index.php\/wp-json\/wp\/v2\/media?parent=53"}],"curies":[{"name":"wp","href":"https:\/\/api.w.org\/{rel}","templated":true}]}}