{"id":1268,"date":"2023-09-29T16:21:12","date_gmt":"2023-09-29T13:21:12","guid":{"rendered":"https:\/\/masaldanismanlik.com\/?page_id=1268"},"modified":"2023-09-29T16:24:56","modified_gmt":"2023-09-29T13:24:56","slug":"yasam-koclugu","status":"publish","type":"page","link":"https:\/\/masaldanismanlik.com\/index.php\/yasam-koclugu\/","title":{"rendered":"Ya\u015fam Ko\u00e7lu\u011fu"},"content":{"rendered":"\t\t<div data-elementor-type=\"wp-post\" data-elementor-id=\"1268\" class=\"elementor elementor-1268\">\n\t\t\t\t\t\t\t\t\t<section class=\"elementor-section elementor-top-section elementor-element elementor-element-9e9a9ca elementor-section-boxed elementor-section-height-default elementor-section-height-default\" data-id=\"9e9a9ca\" data-element_type=\"section\">\n\t\t\t\t\t\t<div class=\"elementor-container elementor-column-gap-default\">\n\t\t\t\t\t<div class=\"elementor-column elementor-col-50 elementor-top-column elementor-element elementor-element-1e55b3f\" data-id=\"1e55b3f\" data-element_type=\"column\">\n\t\t\t<div class=\"elementor-widget-wrap elementor-element-populated\">\n\t\t\t\t\t\t\t\t<div class=\"elementor-element elementor-element-e425e9e elementor-widget elementor-widget-image\" data-id=\"e425e9e\" data-element_type=\"widget\" data-widget_type=\"image.default\">\n\t\t\t\t<div class=\"elementor-widget-container\">\n\t\t\t<style>\/*! elementor - v3.15.0 - 09-08-2023 *\/\n.elementor-widget-image{text-align:center}.elementor-widget-image a{display:inline-block}.elementor-widget-image a img[src$=\".svg\"]{width:48px}.elementor-widget-image img{vertical-align:middle;display:inline-block}<\/style>\t\t\t\t\t\t\t\t\t\t\t\t<img loading=\"lazy\" decoding=\"async\" width=\"960\" height=\"596\" src=\"https:\/\/masaldanismanlik.com\/wp-content\/uploads\/2023\/09\/Eye-8.jpg\" class=\"attachment-full size-full wp-image-1257\" alt=\"\" srcset=\"https:\/\/masaldanismanlik.com\/wp-content\/uploads\/2023\/09\/Eye-8.jpg 960w, https:\/\/masaldanismanlik.com\/wp-content\/uploads\/2023\/09\/Eye-8-300x186.jpg 300w, https:\/\/masaldanismanlik.com\/wp-content\/uploads\/2023\/09\/Eye-8-768x477.jpg 768w\" sizes=\"auto, (max-width: 960px) 100vw, 960px\" \/>\t\t\t\t\t\t\t\t\t\t\t\t\t\t\t<\/div>\n\t\t\t\t<\/div>\n\t\t\t\t\t<\/div>\n\t\t<\/div>\n\t\t\t\t<div class=\"elementor-column elementor-col-50 elementor-top-column elementor-element elementor-element-77980f6 animated-slow elementor-invisible\" data-id=\"77980f6\" data-element_type=\"column\" data-settings=\"{&quot;animation&quot;:&quot;fadeInLeft&quot;}\">\n\t\t\t<div class=\"elementor-widget-wrap elementor-element-populated\">\n\t\t\t\t\t\t\t\t<div class=\"elementor-element elementor-element-63ac6d5 elementor-widget__width-initial elementor-widget-divider--view-line elementor-widget elementor-widget-divider\" data-id=\"63ac6d5\" data-element_type=\"widget\" data-widget_type=\"divider.default\">\n\t\t\t\t<div class=\"elementor-widget-container\">\n\t\t\t<style>\/*! elementor - v3.15.0 - 09-08-2023 *\/\n.elementor-widget-divider{--divider-border-style:none;--divider-border-width:1px;--divider-color:#0c0d0e;--divider-icon-size:20px;--divider-element-spacing:10px;--divider-pattern-height:24px;--divider-pattern-size:20px;--divider-pattern-url:none;--divider-pattern-repeat:repeat-x}.elementor-widget-divider .elementor-divider{display:flex}.elementor-widget-divider .elementor-divider__text{font-size:15px;line-height:1;max-width:95%}.elementor-widget-divider .elementor-divider__element{margin:0 var(--divider-element-spacing);flex-shrink:0}.elementor-widget-divider .elementor-icon{font-size:var(--divider-icon-size)}.elementor-widget-divider .elementor-divider-separator{display:flex;margin:0;direction:ltr}.elementor-widget-divider--view-line_icon .elementor-divider-separator,.elementor-widget-divider--view-line_text .elementor-divider-separator{align-items:center}.elementor-widget-divider--view-line_icon .elementor-divider-separator:after,.elementor-widget-divider--view-line_icon .elementor-divider-separator:before,.elementor-widget-divider--view-line_text .elementor-divider-separator:after,.elementor-widget-divider--view-line_text .elementor-divider-separator:before{display:block;content:\"\";border-bottom:0;flex-grow:1;border-top:var(--divider-border-width) var(--divider-border-style) var(--divider-color)}.elementor-widget-divider--element-align-left .elementor-divider .elementor-divider-separator>.elementor-divider__svg:first-of-type{flex-grow:0;flex-shrink:100}.elementor-widget-divider--element-align-left .elementor-divider-separator:before{content:none}.elementor-widget-divider--element-align-left .elementor-divider__element{margin-left:0}.elementor-widget-divider--element-align-right .elementor-divider .elementor-divider-separator>.elementor-divider__svg:last-of-type{flex-grow:0;flex-shrink:100}.elementor-widget-divider--element-align-right .elementor-divider-separator:after{content:none}.elementor-widget-divider--element-align-right .elementor-divider__element{margin-right:0}.elementor-widget-divider:not(.elementor-widget-divider--view-line_text):not(.elementor-widget-divider--view-line_icon) .elementor-divider-separator{border-top:var(--divider-border-width) var(--divider-border-style) var(--divider-color)}.elementor-widget-divider--separator-type-pattern{--divider-border-style:none}.elementor-widget-divider--separator-type-pattern.elementor-widget-divider--view-line .elementor-divider-separator,.elementor-widget-divider--separator-type-pattern:not(.elementor-widget-divider--view-line) .elementor-divider-separator:after,.elementor-widget-divider--separator-type-pattern:not(.elementor-widget-divider--view-line) .elementor-divider-separator:before,.elementor-widget-divider--separator-type-pattern:not([class*=elementor-widget-divider--view]) .elementor-divider-separator{width:100%;min-height:var(--divider-pattern-height);-webkit-mask-size:var(--divider-pattern-size) 100%;mask-size:var(--divider-pattern-size) 100%;-webkit-mask-repeat:var(--divider-pattern-repeat);mask-repeat:var(--divider-pattern-repeat);background-color:var(--divider-color);-webkit-mask-image:var(--divider-pattern-url);mask-image:var(--divider-pattern-url)}.elementor-widget-divider--no-spacing{--divider-pattern-size:auto}.elementor-widget-divider--bg-round{--divider-pattern-repeat:round}.rtl .elementor-widget-divider .elementor-divider__text{direction:rtl}.e-con-inner>.elementor-widget-divider,.e-con>.elementor-widget-divider{width:var(--container-widget-width,100%);--flex-grow:var(--container-widget-flex-grow)}<\/style>\t\t<div class=\"elementor-divider\">\n\t\t\t<span class=\"elementor-divider-separator\">\n\t\t\t\t\t\t<\/span>\n\t\t<\/div>\n\t\t\t\t<\/div>\n\t\t\t\t<\/div>\n\t\t\t\t<div class=\"elementor-element elementor-element-78a6bad elementor-widget__width-auto elementor-widget elementor-widget-heading\" data-id=\"78a6bad\" data-element_type=\"widget\" data-settings=\"{&quot;_animation&quot;:&quot;none&quot;,&quot;_animation_delay&quot;:300}\" data-widget_type=\"heading.default\">\n\t\t\t\t<div class=\"elementor-widget-container\">\n\t\t\t<style>\/*! elementor - v3.15.0 - 09-08-2023 *\/\n.elementor-heading-title{padding:0;margin:0;line-height:1}.elementor-widget-heading .elementor-heading-title[class*=elementor-size-]>a{color:inherit;font-size:inherit;line-height:inherit}.elementor-widget-heading .elementor-heading-title.elementor-size-small{font-size:15px}.elementor-widget-heading .elementor-heading-title.elementor-size-medium{font-size:19px}.elementor-widget-heading .elementor-heading-title.elementor-size-large{font-size:29px}.elementor-widget-heading .elementor-heading-title.elementor-size-xl{font-size:39px}.elementor-widget-heading .elementor-heading-title.elementor-size-xxl{font-size:59px}<\/style><h3 class=\"elementor-heading-title elementor-size-default\">masal dan\u0131\u015fmanl\u0131k<\/h3>\t\t<\/div>\n\t\t\t\t<\/div>\n\t\t\t\t<div class=\"elementor-element elementor-element-5a2c428 elementor-widget elementor-widget-heading\" data-id=\"5a2c428\" data-element_type=\"widget\" data-widget_type=\"heading.default\">\n\t\t\t\t<div class=\"elementor-widget-container\">\n\t\t\t<h2 class=\"elementor-heading-title elementor-size-default\">ya\u015fam ko\u00e7lu\u011fu<\/h2>\t\t<\/div>\n\t\t\t\t<\/div>\n\t\t\t\t<div class=\"elementor-element elementor-element-a0a3290 elementor-widget elementor-widget-text-editor\" data-id=\"a0a3290\" data-element_type=\"widget\" data-widget_type=\"text-editor.default\">\n\t\t\t\t<div class=\"elementor-widget-container\">\n\t\t\t<style>\/*! elementor - v3.15.0 - 09-08-2023 *\/\n.elementor-widget-text-editor.elementor-drop-cap-view-stacked .elementor-drop-cap{background-color:#69727d;color:#fff}.elementor-widget-text-editor.elementor-drop-cap-view-framed .elementor-drop-cap{color:#69727d;border:3px solid;background-color:transparent}.elementor-widget-text-editor:not(.elementor-drop-cap-view-default) .elementor-drop-cap{margin-top:8px}.elementor-widget-text-editor:not(.elementor-drop-cap-view-default) .elementor-drop-cap-letter{width:1em;height:1em}.elementor-widget-text-editor .elementor-drop-cap{float:left;text-align:center;line-height:1;font-size:50px}.elementor-widget-text-editor .elementor-drop-cap-letter{display:inline-block}<\/style>\t\t\t\t<p><strong>Ya\u015fam Ko\u00e7lu\u011fu: Daha \u0130yi Bir Ya\u015fam Yolculu\u011fu \u0130\u00e7in Rehberlik<\/strong><\/p><p>Ya\u015fam ko\u00e7lu\u011fu, bireylere ki\u015fisel ve profesyonel hedeflerine ula\u015fmalar\u0131nda yard\u0131mc\u0131 olmak i\u00e7in tasarlanm\u0131\u015f g\u00fc\u00e7l\u00fc bir rehberlik ve destek sistemidir.<\/p>\t\t\t\t\t\t<\/div>\n\t\t\t\t<\/div>\n\t\t\t\t\t<\/div>\n\t\t<\/div>\n\t\t\t\t\t\t\t<\/div>\n\t\t<\/section>\n\t\t\t\t<section class=\"elementor-section elementor-top-section elementor-element elementor-element-5bbc835 elementor-section-content-middle elementor-section-boxed elementor-section-height-default elementor-section-height-default\" data-id=\"5bbc835\" data-element_type=\"section\" data-settings=\"{&quot;background_background&quot;:&quot;classic&quot;,&quot;shape_divider_top&quot;:&quot;tilt&quot;}\">\n\t\t\t\t\t\t\t<div class=\"elementor-background-overlay\"><\/div>\n\t\t\t\t\t\t<div class=\"elementor-shape elementor-shape-top\" data-negative=\"false\">\n\t\t\t<svg xmlns=\"http:\/\/www.w3.org\/2000\/svg\" viewBox=\"0 0 1000 100\" preserveAspectRatio=\"none\">\n\t<path class=\"elementor-shape-fill\" d=\"M0,6V0h1000v100L0,6z\"\/>\n<\/svg>\t\t<\/div>\n\t\t\t\t\t<div class=\"elementor-container elementor-column-gap-default\">\n\t\t\t\t\t<div class=\"elementor-column elementor-col-100 elementor-top-column elementor-element elementor-element-c1533f8\" data-id=\"c1533f8\" data-element_type=\"column\">\n\t\t\t<div class=\"elementor-widget-wrap elementor-element-populated\">\n\t\t\t\t\t\t\t\t<div class=\"elementor-element elementor-element-21311de elementor-widget elementor-widget-text-editor\" data-id=\"21311de\" data-element_type=\"widget\" data-widget_type=\"text-editor.default\">\n\t\t\t\t<div class=\"elementor-widget-container\">\n\t\t\t\t\t\t\t<p><strong>Ya\u015fam Ko\u00e7lu\u011fu Nedir?<\/strong><\/p><p>Ya\u015fam ko\u00e7lu\u011fu, bir ya\u015fam ko\u00e7u ile birey aras\u0131nda kurulan g\u00fc\u00e7l\u00fc bir i\u015fbirli\u011fine dayanan bir s\u00fcre\u00e7tir. Ko\u00e7, bireye daha iyi bir gelecek olu\u015fturmas\u0131 i\u00e7in rehberlik eder ve bu s\u00fcre\u00e7te hedefler belirlemesine, stratejiler geli\u015ftirmesine ve engelleri a\u015fmas\u0131na yard\u0131mc\u0131 olur. Ya\u015fam ko\u00e7lu\u011fu, bireylerin potansiyellerini maksimize etmelerine ve daha tatmin edici bir ya\u015fam s\u00fcrmelerine yard\u0131mc\u0131 olabilir.<\/p><p><strong>Ya\u015fam Ko\u00e7lu\u011funun Temel \u0130lkeleri<\/strong><\/p><ol><li><p><strong>Hedef Odakl\u0131l\u0131k<\/strong>: Ya\u015fam ko\u00e7lu\u011fu, bireylerin net hedefler belirlemelerine ve bu hedeflere ula\u015fmak i\u00e7in eylem planlar\u0131 olu\u015fturmalar\u0131na yard\u0131mc\u0131 olur.<\/p><\/li><li><p><strong>\u00d6z-Denetim<\/strong>: Ko\u00e7lar, bireylerin kendi potansiyellerini ke\u015ffetmelerine ve \u00f6z-denetimlerini geli\u015ftirmelerine destek sa\u011flarlar.<\/p><\/li><li><p><strong>Motivasyon ve \u0130nspirasyon<\/strong>: Ya\u015fam ko\u00e7lar\u0131, bireylerin i\u00e7sel motivasyonlar\u0131n\u0131 art\u0131rmalar\u0131na ve hayatlar\u0131n\u0131n daha b\u00fcy\u00fck bir anlam\u0131n\u0131 ke\u015ffetmelerine yard\u0131mc\u0131 olurlar.<\/p><\/li><li><p><strong>Eyleme Ge\u00e7irme<\/strong>: Ko\u00e7lar, bireylerin fikirlerini eyleme d\u00f6n\u00fc\u015ft\u00fcrmelerine ve sonu\u00e7lar elde etmelerine yard\u0131mc\u0131 olurlar.<\/p><\/li><\/ol><p><strong>Kimler Ya\u015fam Ko\u00e7lu\u011fundan Faydalanabilir?<\/strong><\/p><p>Ya\u015fam ko\u00e7lu\u011fundan herkes faydalanabilir. \u0130\u015f d\u00fcnyas\u0131nda liderler, profesyoneller, giri\u015fimciler, \u00f6\u011frenciler, aileler ve bireyler, ya\u015fam ko\u00e7lu\u011funun rehberli\u011fi sayesinde daha tatmin edici bir ya\u015fam\u0131 hedefleyebilirler. Ko\u00e7luk, ki\u015fisel, mesleki ve duygusal geli\u015fim alanlar\u0131nda kullan\u0131labilir.<\/p><p><strong>Sonu\u00e7<\/strong><\/p><p>Ya\u015fam ko\u00e7lu\u011fu, bireylerin potansiyellerini a\u00e7\u0131\u011fa \u00e7\u0131karmalar\u0131na, hedeflerine ula\u015fmalar\u0131na ve daha tatmin edici bir ya\u015fam s\u00fcrmelerine yard\u0131mc\u0131 olan g\u00fc\u00e7l\u00fc bir rehberlik ve destek sistemidir. Bu s\u00fcre\u00e7, bireylerin kendilerini daha iyi anlamalar\u0131na ve ki\u015fisel geli\u015fimlerini h\u0131zland\u0131rmalar\u0131na olanak tan\u0131r. Ya\u015fam ko\u00e7lu\u011fu ile daha iyi bir ya\u015fam yolculu\u011funa ad\u0131m atmak isteyen herkes, kendi potansiyelini ke\u015ffetme ve daha b\u00fcy\u00fck ba\u015far\u0131lara ula\u015fma \u015fans\u0131na sahiptir.<\/p>\t\t\t\t\t\t<\/div>\n\t\t\t\t<\/div>\n\t\t\t\t\t<\/div>\n\t\t<\/div>\n\t\t\t\t\t\t\t<\/div>\n\t\t<\/section>\n\t\t\t\t\t\t\t<\/div>\n\t\t","protected":false},"excerpt":{"rendered":"<p>masal dan\u0131\u015fmanl\u0131k ya\u015fam ko\u00e7lu\u011fu Ya\u015fam Ko\u00e7lu\u011fu: Daha \u0130yi Bir Ya\u015fam Yolculu\u011fu \u0130\u00e7in Rehberlik Ya\u015fam ko\u00e7lu\u011fu, bireylere ki\u015fisel ve profesyonel hedeflerine ula\u015fmalar\u0131nda yard\u0131mc\u0131 olmak i\u00e7in tasarlanm\u0131\u015f g\u00fc\u00e7l\u00fc bir rehberlik ve destek sistemidir. Ya\u015fam Ko\u00e7lu\u011fu Nedir? Ya\u015fam ko\u00e7lu\u011fu, bir ya\u015fam ko\u00e7u ile birey aras\u0131nda kurulan g\u00fc\u00e7l\u00fc bir&hellip;<\/p>\n","protected":false},"author":1,"featured_media":0,"parent":0,"menu_order":0,"comment_status":"closed","ping_status":"closed","template":"template-parts\/template-page-builders.php","meta":{"footnotes":""},"class_list":["post-1268","page","type-page","status-publish","hentry"],"_links":{"self":[{"href":"https:\/\/masaldanismanlik.com\/index.php\/wp-json\/wp\/v2\/pages\/1268","targetHints":{"allow":["GET"]}}],"collection":[{"href":"https:\/\/masaldanismanlik.com\/index.php\/wp-json\/wp\/v2\/pages"}],"about":[{"href":"https:\/\/masaldanismanlik.com\/index.php\/wp-json\/wp\/v2\/types\/page"}],"author":[{"embeddable":true,"href":"https:\/\/masaldanismanlik.com\/index.php\/wp-json\/wp\/v2\/users\/1"}],"replies":[{"embeddable":true,"href":"https:\/\/masaldanismanlik.com\/index.php\/wp-json\/wp\/v2\/comments?post=1268"}],"version-history":[{"count":4,"href":"https:\/\/masaldanismanlik.com\/index.php\/wp-json\/wp\/v2\/pages\/1268\/revisions"}],"predecessor-version":[{"id":1276,"href":"https:\/\/masaldanismanlik.com\/index.php\/wp-json\/wp\/v2\/pages\/1268\/revisions\/1276"}],"wp:attachment":[{"href":"https:\/\/masaldanismanlik.com\/index.php\/wp-json\/wp\/v2\/media?parent=1268"}],"curies":[{"name":"wp","href":"https:\/\/api.w.org\/{rel}","templated":true}]}}